{"id":620,"date":"2022-04-21T13:25:45","date_gmt":"2022-04-21T11:25:45","guid":{"rendered":"https:\/\/www.igw-online.com\/igw-donau\/?page_id=620"},"modified":"2025-05-05T12:06:01","modified_gmt":"2025-05-05T10:06:01","slug":"uebersicht-aller-kurse","status":"publish","type":"page","link":"https:\/\/www.igw-online.com\/igw-donau\/uebersicht-aller-kurse\/","title":{"rendered":"\u00dcbersicht aller Kurse"},"content":{"rendered":"\n<h2 class=\"wp-block-heading\"><strong>Sportbootf\u00fchrerschein Binnen und See<\/strong><\/h2>\n\n\n\n<p>Wir bieten zweimal j\u00e4hrlich einen Kursblock an. Dabei starten wir jeweils mit dem Sportbootf\u00fchrerschein-Binnen (f\u00fcr Fl\u00fcsse und Seen). Anschlie\u00dfend kann der Erg\u00e4nzungskurs f\u00fcr den Sportbootf\u00fchrerschein-See (f\u00fcr Meer) besucht werden.<\/p>\n\n\n\n<h2 class=\"wp-block-heading\"><strong>UKW-Sprechfunkzeugnis f\u00fcr den Binnenschifffahrtsfunk (UBI) und<br>Short-Range-Certificate (SRC) &#8211; Funkschein f\u00fcr den Seebereich<\/strong><\/h2>\n\n\n\n<p>Die Funkkurse werden i. d. R. einmal j\u00e4hrlich angeboten.<\/p>\n\n\n\n<h2 class=\"wp-block-heading\"><strong>Fachkundenachweis f\u00fcr Seenotsignalmittel (FKN)<\/strong><\/h2>\n\n\n\n<p> Den Kurs f\u00fcr den FKN bieten wir ebenso einmal j\u00e4hrlich an.<\/p>\n\n\n\n<p><\/p>\n\n\n\n<h2 class=\"wp-block-heading\"><strong>Vormerkung und R\u00fcckfragen:<\/strong><\/h2>\n\n\n\n<p>per E-Mail:&nbsp;<strong><a href=\"mailto:%20schulung@igw-donau.net\">schulung@igw-donau.net<\/a><\/strong><\/p>\n\n\n\n<p>(Bitte unbedingt Telefonnummer f\u00fcr R\u00fcckfragen angeben!)<\/p>\n\n\n\n<p>Telefon\/WhatsApp:<\/p>\n\n\n\n<figure class=\"wp-block-image is-resized\"><img loading=\"lazy\" decoding=\"async\" width=\"588\" height=\"91\" src=\"https:\/\/www.igw-online.com\/igw-donau\/wp-content\/uploads\/sites\/2\/2023\/01\/grafik.png\" alt=\"\" class=\"wp-image-927\" style=\"width:196px;height:auto\" srcset=\"https:\/\/www.igw-online.com\/igw-donau\/wp-content\/uploads\/sites\/2\/2023\/01\/grafik.png 588w, https:\/\/www.igw-online.com\/igw-donau\/wp-content\/uploads\/sites\/2\/2023\/01\/grafik-300x46.png 300w\" sizes=\"auto, (max-width: 588px) 100vw, 588px\" \/><\/figure>\n\n\n\n<p>(Mo-Fr 17.00 \u2013 21.00 Uhr \/ am Wochenende 9.00 \u2013 21.00 Uhr)<\/p>\n\n\n\n<p><\/p>\n\n\n\n<p>Zubeh\u00f6r und Hilfsmittel zu den Sportbootf\u00fchrerscheinen sind <strong><a rel=\"noreferrer noopener\" href=\"https:\/\/www.amazon.de\/gp\/search?ie=UTF8&amp;tag=botler-21&amp;linkCode=ur2&amp;linkId=0b2fe62c88409650a9da6cfde109cc55&amp;camp=1638&amp;creative=6742&amp;index=aps&amp;keywords=sportbootf\u00fchrerschein\" target=\"_blank\">hier <\/a><\/strong>erh\u00e4ltlich <\/p>\n\n\n\n<div style=\"height:30px\" aria-hidden=\"true\" class=\"wp-block-spacer\"><\/div>\n\n\n\n<div class=\"wp-block-columns is-layout-flex wp-container-core-columns-is-layout-9d6595d7 wp-block-columns-is-layout-flex\">\n<div class=\"wp-block-column is-layout-flow wp-block-column-is-layout-flow\">\n<figure class=\"wp-block-image size-full\"><img loading=\"lazy\" decoding=\"async\" width=\"600\" height=\"379\" src=\"https:\/\/www.igw-online.com\/igw-donau\/wp-content\/uploads\/sites\/2\/2022\/06\/20171201_neuer-sportbootfuehereschein_vs_72dpi.jpg\" alt=\"\" class=\"wp-image-797\" srcset=\"https:\/\/www.igw-online.com\/igw-donau\/wp-content\/uploads\/sites\/2\/2022\/06\/20171201_neuer-sportbootfuehereschein_vs_72dpi.jpg 600w, https:\/\/www.igw-online.com\/igw-donau\/wp-content\/uploads\/sites\/2\/2022\/06\/20171201_neuer-sportbootfuehereschein_vs_72dpi-300x190.jpg 300w, https:\/\/www.igw-online.com\/igw-donau\/wp-content\/uploads\/sites\/2\/2022\/06\/20171201_neuer-sportbootfuehereschein_vs_72dpi-380x240.jpg 380w\" sizes=\"auto, (max-width: 600px) 100vw, 600px\" \/><figcaption class=\"wp-element-caption\">Quelle: Bundesdruckerei<\/figcaption><\/figure>\n<\/div>\n\n\n\n<div class=\"wp-block-column is-layout-flow wp-block-column-is-layout-flow\">\n<figure class=\"wp-block-image size-full\"><img loading=\"lazy\" decoding=\"async\" width=\"600\" height=\"379\" src=\"https:\/\/www.igw-online.com\/igw-donau\/wp-content\/uploads\/sites\/2\/2022\/06\/20171201_neuer-sportbootfuehereschein_rs_72dpi.jpg\" alt=\"\" class=\"wp-image-798\" srcset=\"https:\/\/www.igw-online.com\/igw-donau\/wp-content\/uploads\/sites\/2\/2022\/06\/20171201_neuer-sportbootfuehereschein_rs_72dpi.jpg 600w, https:\/\/www.igw-online.com\/igw-donau\/wp-content\/uploads\/sites\/2\/2022\/06\/20171201_neuer-sportbootfuehereschein_rs_72dpi-300x190.jpg 300w, https:\/\/www.igw-online.com\/igw-donau\/wp-content\/uploads\/sites\/2\/2022\/06\/20171201_neuer-sportbootfuehereschein_rs_72dpi-380x240.jpg 380w\" sizes=\"auto, (max-width: 600px) 100vw, 600px\" \/><figcaption class=\"wp-element-caption\">Quelle: Bundesdruckerei<\/figcaption><\/figure>\n<\/div>\n<\/div>\n\n\n\n<div style=\"height:30px\" aria-hidden=\"true\" class=\"wp-block-spacer\"><\/div>\n\n\n\n<h2 class=\"wp-block-heading\" id=\"sbf-see\"><strong>Sportbootf\u00fchrerschein See (SBF See)<\/strong><\/h2>\n\n\n\n<div class=\"wp-block-columns is-layout-flex wp-container-core-columns-is-layout-9d6595d7 wp-block-columns-is-layout-flex\">\n<div class=\"wp-block-column is-layout-flow wp-block-column-is-layout-flow\">\n<h3 class=\"wp-block-heading\">Allgemeine Informationen<\/h3>\n\n\n\n<p>Amtliche Fahrerlaubnis zum F\u00fchren von Sportbooten unter Motor auf den Seeschifffahrtsstra\u00dfen (bis zu 3 Seemeilen), vorgeschrieben f\u00fcr Fahrzeuge mit einer gr\u00f6\u00dferen Nutzleistung als 11,03 kW (15 PS).<\/p>\n\n\n\n<p>Vorgeschrieben auch zum F\u00fchren von gewerbsm\u00e4\u00dfig genutzten Sportbooten bis zu 300 Meter Abstand vom Ufer bei entsprechender Einzelfallgenehmigung.<\/p>\n\n\n\n<p><\/p>\n\n\n\n<p>Quelle: <a href=\"https:\/\/de.wikipedia.org\/wiki\/Sportbootf%C3%BChrerschein_See\">wikipedia.org<\/a><\/p>\n<\/div>\n<\/div>\n\n\n\n<h2 class=\"wp-block-heading\" id=\"voraussetzungen\">Voraussetzungen<\/h2>\n\n\n\n<ul class=\"wp-block-list\">\n<li>Allgemein\n<ul class=\"wp-block-list\">\n<li>Lebensalter: mindestens 16 Jahre<\/li>\n\n\n\n<li>Tauglichkeit: \u00e4rztliches Zeugnis (Sehf\u00e4higkeit\/ H\u00f6rf\u00e4higkeit\/ Allgemeiner Gesundheitszustand)<\/li>\n\n\n\n<li>Zuverl\u00e4ssigkeit: KFZ-F\u00fchrerschein oder F\u00fchrungszeugnis \u201eO\u201c<\/li>\n\n\n\n<li>Lichtbild (38 \u00d7 45&nbsp;mm)<\/li>\n\n\n\n<li>bei Minderj\u00e4hrigen: Einverst\u00e4ndniserkl\u00e4rung eines Erziehungsberechtigten<\/li>\n<\/ul>\n<\/li>\n\n\n\n<li>Pr\u00fcfungen\n<ul class=\"wp-block-list\">\n<li>Theorie \u2013 Aufgaben: Navigation, Seemannschaft, Kollisionsverh\u00fctungsregeln, Seeschifffahrtsstra\u00dfen-Ordnung, Wetterkunde, Fahrzeugf\u00fchrung und Umweltschutz.<\/li>\n\n\n\n<li>Praxis \u2013 Aufgaben: Man\u00f6ver und Knotenkunde<\/li>\n<\/ul>\n<\/li>\n<\/ul>\n\n\n\n<p><\/p>\n\n\n\n<hr class=\"wp-block-separator has-alpha-channel-opacity\"\/>\n\n\n\n<h2 class=\"wp-block-heading\" id=\"sbf-binnen\"><strong>Sportbootf\u00fchrerschein Binnen (SBF Binnen)<\/strong><\/h2>\n\n\n\n<div class=\"wp-block-columns is-layout-flex wp-container-core-columns-is-layout-9d6595d7 wp-block-columns-is-layout-flex\">\n<div class=\"wp-block-column is-layout-flow wp-block-column-is-layout-flow\">\n<h3 class=\"wp-block-heading\">Allgemeine Informationen<\/h3>\n\n\n\n<p>Amtliche Fahrerlaubnis zum F\u00fchren von Sportbooten unter 15 Meter L\u00e4nge (ohne Ruder und Bugspriet) auf den Binnenschifffahrtsstra\u00dfen, vorgeschrieben f\u00fcr Fahrzeuge mit einer gr\u00f6\u00dferen Nutzleistung als 11,03 kW (15 PS).<\/p>\n\n\n\n<p>Auf dem Rhein vorgeschrieben f\u00fcr Fahrzeuge mit einer gr\u00f6\u00dferen Nutzleistung als 3,68 kW (5 PS) in Berlin und Brandenburg auf bestimmten Binnenschifffahrtsstra\u00dfen auch vorgeschrieben f\u00fcr Sportfahrzeuge unter Segel.<\/p>\n\n\n\n<p>Der Sportbootf\u00fchrerschein-Binnen kann unter Segel, mit Antriebsmaschine oder mit Antriebsmaschine und unter Segel erworben werden.<\/p>\n\n\n\n<p><\/p>\n\n\n\n<p>Quelle: <a href=\"https:\/\/de.wikipedia.org\/wiki\/Sportbootf%C3%BChrerschein_Binnen\">wikipedia.org<\/a><\/p>\n<\/div>\n<\/div>\n\n\n\n<h2 class=\"wp-block-heading\">Voraussetzungen<\/h2>\n\n\n\n<ul class=\"wp-block-list\">\n<li>Lebensalter: mindestens 14 Jahre (nur Segel) bzw. mindestens 16 Jahre (Segel mit Motor), die Zulassung ist drei Monate fr\u00fcher m\u00f6glich<sup><a href=\"https:\/\/de.wikipedia.org\/wiki\/Sportbootf%C3%BChrerschein_Binnen#cite_note-7\">[<\/a>7]<\/sup><\/li>\n\n\n\n<li>Tauglichkeit: \u00e4rztliches Zeugnis (ausreichendes H\u00f6r- und Sehverm\u00f6gen, k\u00f6rperliche und geistige Eignung)<\/li>\n\n\n\n<li>Zuverl\u00e4ssigkeit: Kfz-F\u00fchrerschein oder F\u00fchrungszeugnis \u201eO\u201c<\/li>\n\n\n\n<li>Lichtbild (38 \u00d7 45&nbsp;mm)<\/li>\n\n\n\n<li>bei Minderj\u00e4hrigen: Einverst\u00e4ndniserkl\u00e4rung eines Erziehungsberechtigten<\/li>\n<\/ul>\n\n\n\n<p><\/p>\n\n\n\n<hr class=\"wp-block-separator has-alpha-channel-opacity\"\/>\n\n\n\n<h2 class=\"wp-block-heading\" id=\"ubi\"><strong>UKW-Sprechfunkzeugnis f\u00fcr den Binnenschifffahrtsfunk (UBI)<\/strong><\/h2>\n\n\n\n<div class=\"wp-block-columns is-layout-flex wp-container-core-columns-is-layout-9d6595d7 wp-block-columns-is-layout-flex\">\n<div class=\"wp-block-column is-layout-flow wp-block-column-is-layout-flow\">\n<h3 class=\"wp-block-heading\">Allgemeine Informationen<\/h3>\n\n\n\n<p>Amtliche bzw. amtlich anerkannte Erlaubnis zum Bedienen und Beaufsichtigen einer Schiffsfunkstelle auf Binnenschifffahrtsstra\u00dfen. International und unbefristet g\u00fcltig.<\/p>\n\n\n\n<p><\/p>\n<\/div>\n<\/div>\n\n\n\n<h3 class=\"wp-block-heading\">Zulassungsvoraussetzungen:<\/h3>\n\n\n\n<ul class=\"wp-block-list\">\n<li>Mindestalter: 15 Jahre (14 Jahre plus 9 Monate am Tage der Pr\u00fcfung)<\/li>\n<\/ul>\n\n\n\n<p><\/p>\n\n\n\n<hr class=\"wp-block-separator has-alpha-channel-opacity\"\/>\n\n\n\n<h2 class=\"wp-block-heading\"><strong>Beschr\u00e4nkt g\u00fcltiges Funkbetriebszeugnis Short Range Certificate (SRC)<\/strong><\/h2>\n\n\n\n<h3 class=\"wp-block-heading\">Allgemeine Informationen<\/h3>\n\n\n\n<p>Amtliche Berechtigung zur Aus\u00fcbung des Seefunkdienstes im weltweiten Seenot- und Sicherheitsfunksystem (GMDSS) f\u00fcr UKW (Reichweite bis ca. 35 sm) auf Sportbooten. International und unbefristet g\u00fcltig.<\/p>\n\n\n\n<p><\/p>\n\n\n\n<h3 class=\"wp-block-heading\">Zulassungsvoraussetzungen:<\/h3>\n\n\n\n<ul class=\"wp-block-list\">\n<li>Mindestalter: 15 Jahre (14 Jahre plus 9 Monate am Tage der Pr\u00fcfung)<\/li>\n<\/ul>\n\n\n\n<p><\/p>\n\n\n\n<hr class=\"wp-block-separator has-alpha-channel-opacity\"\/>\n\n\n\n<h2 class=\"wp-block-heading\"><strong>Fachkundenachweis (FKN) f\u00fcr Seenotsignalmittel nach dem Sprengstoffrecht gem\u00e4\u00df \u00a7 1 Abs. 2 1. SprengV<\/strong><\/h2>\n\n\n\n<h3 class=\"wp-block-heading\">Allgemeine Informationen<\/h3>\n\n\n\n<p>Der Fachkundenachweis (sogenannter \u201ePyro-Schein\u201c) berechtigt zum Erwerb und Transport von erlaubnispflichtigen pyrotechnischen Seenotsignalmitteln der Kategorie P2 (Signalraketen, Fallschirmsignalraketen, bestimmte Rauchsignale).<\/p>\n\n\n\n<p><\/p>\n\n\n\n<h3 class=\"wp-block-heading\">Zulassungsvoraussetzungen:<\/h3>\n\n\n\n<ul class=\"wp-block-list\">\n<li>Mindestalter: 16 Jahre<\/li>\n\n\n\n<li>Besitz eines amtlichen Sportbootf\u00fchrerscheins oder eines sonstigen anerkannten Bef\u00e4higungsnachweises zum F\u00fchren von Wassersportfahrzeugen<\/li>\n<\/ul>\n\n\n\n<p><\/p>\n\n\n\n<hr class=\"wp-block-separator has-alpha-channel-opacity\"\/>\n","protected":false},"excerpt":{"rendered":"<p>Sportbootf\u00fchrerschein Binnen und See Wir bieten zweimal j\u00e4hrlich einen Kursblock an. Dabei starten wir jeweils mit dem Sportbootf\u00fchrerschein-Binnen (f\u00fcr Fl\u00fcsse und Seen). Anschlie\u00dfend kann der Erg\u00e4nzungskurs f\u00fcr den Sportbootf\u00fchrerschein-See (f\u00fcr Meer) besucht werden. UKW-Sprechfunkzeugnis f\u00fcr den Binnenschifffahrtsfunk (UBI) undShort-Range-Certificate (SRC) &#8211; Funkschein f\u00fcr den Seebereich Die Funkkurse werden i. d. R. einmal j\u00e4hrlich angeboten. Fachkundenachweis [&hellip;]<\/p>\n","protected":false},"author":1,"featured_media":0,"parent":0,"menu_order":0,"comment_status":"closed","ping_status":"closed","template":"","meta":{"footnotes":""},"class_list":["post-620","page","type-page","status-publish","hentry","potter-post"],"_links":{"self":[{"href":"https:\/\/www.igw-online.com\/igw-donau\/wp-json\/wp\/v2\/pages\/620","targetHints":{"allow":["GET"]}}],"collection":[{"href":"https:\/\/www.igw-online.com\/igw-donau\/wp-json\/wp\/v2\/pages"}],"about":[{"href":"https:\/\/www.igw-online.com\/igw-donau\/wp-json\/wp\/v2\/types\/page"}],"author":[{"embeddable":true,"href":"https:\/\/www.igw-online.com\/igw-donau\/wp-json\/wp\/v2\/users\/1"}],"replies":[{"embeddable":true,"href":"https:\/\/www.igw-online.com\/igw-donau\/wp-json\/wp\/v2\/comments?post=620"}],"version-history":[{"count":18,"href":"https:\/\/www.igw-online.com\/igw-donau\/wp-json\/wp\/v2\/pages\/620\/revisions"}],"predecessor-version":[{"id":1154,"href":"https:\/\/www.igw-online.com\/igw-donau\/wp-json\/wp\/v2\/pages\/620\/revisions\/1154"}],"wp:attachment":[{"href":"https:\/\/www.igw-online.com\/igw-donau\/wp-json\/wp\/v2\/media?parent=620"}],"curies":[{"name":"wp","href":"https:\/\/api.w.org\/{rel}","templated":true}]}}