{"id":654,"date":"2022-04-21T14:31:08","date_gmt":"2022-04-21T12:31:08","guid":{"rendered":"https:\/\/www.igw-online.com\/igw-donau\/?page_id=654"},"modified":"2022-08-02T14:39:42","modified_gmt":"2022-08-02T12:39:42","slug":"knoten","status":"publish","type":"page","link":"https:\/\/www.igw-online.com\/igw-donau\/knoten\/","title":{"rendered":"Knoten"},"content":{"rendered":"\n<p><strong>Knoten f\u00fcr SBF See und SBF Binnen<\/strong><\/p>\n\n\n\n<p>Hier ein paar n\u00fctzliche Videos und Bilder f\u00fcr alle die die Pr\u00fcfung zum Sportbootf\u00fchrerschein machen.<\/p>\n\n\n\n<div class=\"wp-block-columns is-layout-flex wp-container-core-columns-is-layout-9d6595d7 wp-block-columns-is-layout-flex\">\n<div class=\"wp-block-column is-layout-flow wp-block-column-is-layout-flow\">\n<figure class=\"wp-block-embed is-type-video is-provider-youtube wp-block-embed-youtube wp-embed-aspect-16-9 wp-has-aspect-ratio\"><div class=\"wp-block-embed__wrapper\">\n<div class=\"potter-video\"><iframe loading=\"lazy\" title=\"Knoten - 9 Knoten in 10 Minuten f\u00fcr die SBF See &amp; Binnen\" width=\"500\" height=\"281\" src=\"https:\/\/www.youtube.com\/embed\/T0B1EhOLPEM?feature=oembed\" frameborder=\"0\" allow=\"accelerometer; autoplay; clipboard-write; encrypted-media; gyroscope; picture-in-picture; web-share\" referrerpolicy=\"strict-origin-when-cross-origin\" allowfullscreen><\/iframe><\/div>\n<\/div><\/figure>\n<\/div>\n\n\n\n<div class=\"wp-block-column is-layout-flow wp-block-column-is-layout-flow\">\n<figure class=\"wp-block-embed is-type-video is-provider-youtube wp-block-embed-youtube wp-embed-aspect-16-9 wp-has-aspect-ratio\"><div class=\"wp-block-embed__wrapper\">\n<div class=\"potter-video\"><iframe loading=\"lazy\" title=\"SBF Knoten - Alle wichtigen Knoten f\u00fcr den Sportbootf\u00fchrerschein\" width=\"500\" height=\"281\" src=\"https:\/\/www.youtube.com\/embed\/7YyKWsNdyXE?feature=oembed\" frameborder=\"0\" allow=\"accelerometer; autoplay; clipboard-write; encrypted-media; gyroscope; picture-in-picture; web-share\" referrerpolicy=\"strict-origin-when-cross-origin\" allowfullscreen><\/iframe><\/div>\n<\/div><\/figure>\n<\/div>\n<\/div>\n\n\n\n<h2 class=\"wp-block-heading\">Hole dir jetzt deinen <a target=\"_blank\" href=\"https:\/\/www.amazon.de\/gp\/search?ie=UTF8&amp;tag=botler-21&amp;linkCode=ur2&amp;linkId=84ce134e520c406ad70924e946363a80&amp;camp=1638&amp;creative=6742&amp;index=aps&amp;keywords=schiffsknoten\" rel=\"noopener\">Knotentrainer<\/a><\/h2>\n\n\n<div class=\"wp-block-image\">\n<figure class=\"aligncenter size-full\"><a href=\"https:\/\/www.amazon.de\/gp\/search?ie=UTF8&amp;tag=botler-21&amp;linkCode=ur2&amp;linkId=84ce134e520c406ad70924e946363a80&amp;camp=1638&amp;creative=6742&amp;index=aps&amp;keywords=schiffsknoten\"><img loading=\"lazy\" decoding=\"async\" width=\"640\" height=\"480\" src=\"https:\/\/www.igw-online.com\/igw-donau\/wp-content\/uploads\/sites\/2\/2022\/08\/knot-gd45cd4782_640.png\" alt=\"\" class=\"wp-image-816\" srcset=\"https:\/\/www.igw-online.com\/igw-donau\/wp-content\/uploads\/sites\/2\/2022\/08\/knot-gd45cd4782_640.png 640w, https:\/\/www.igw-online.com\/igw-donau\/wp-content\/uploads\/sites\/2\/2022\/08\/knot-gd45cd4782_640-300x225.png 300w, https:\/\/www.igw-online.com\/igw-donau\/wp-content\/uploads\/sites\/2\/2022\/08\/knot-gd45cd4782_640-320x240.png 320w\" sizes=\"auto, (max-width: 640px) 100vw, 640px\" \/><\/a><\/figure><\/div>","protected":false},"excerpt":{"rendered":"<p>Knoten f\u00fcr SBF See und SBF Binnen Hier ein paar n\u00fctzliche Videos und Bilder f\u00fcr alle die die Pr\u00fcfung zum Sportbootf\u00fchrerschein machen. Hole dir jetzt deinen Knotentrainer<\/p>\n","protected":false},"author":1,"featured_media":0,"parent":0,"menu_order":0,"comment_status":"closed","ping_status":"closed","template":"","meta":{"footnotes":""},"class_list":["post-654","page","type-page","status-publish","hentry","potter-post"],"_links":{"self":[{"href":"https:\/\/www.igw-online.com\/igw-donau\/wp-json\/wp\/v2\/pages\/654","targetHints":{"allow":["GET"]}}],"collection":[{"href":"https:\/\/www.igw-online.com\/igw-donau\/wp-json\/wp\/v2\/pages"}],"about":[{"href":"https:\/\/www.igw-online.com\/igw-donau\/wp-json\/wp\/v2\/types\/page"}],"author":[{"embeddable":true,"href":"https:\/\/www.igw-online.com\/igw-donau\/wp-json\/wp\/v2\/users\/1"}],"replies":[{"embeddable":true,"href":"https:\/\/www.igw-online.com\/igw-donau\/wp-json\/wp\/v2\/comments?post=654"}],"version-history":[{"count":4,"href":"https:\/\/www.igw-online.com\/igw-donau\/wp-json\/wp\/v2\/pages\/654\/revisions"}],"predecessor-version":[{"id":818,"href":"https:\/\/www.igw-online.com\/igw-donau\/wp-json\/wp\/v2\/pages\/654\/revisions\/818"}],"wp:attachment":[{"href":"https:\/\/www.igw-online.com\/igw-donau\/wp-json\/wp\/v2\/media?parent=654"}],"curies":[{"name":"wp","href":"https:\/\/api.w.org\/{rel}","templated":true}]}}